{"id":129,"date":"2026-03-23T13:57:53","date_gmt":"2026-03-23T13:57:53","guid":{"rendered":"https:\/\/bio-scouting.de\/?page_id=129"},"modified":"2026-03-23T14:01:44","modified_gmt":"2026-03-23T14:01:44","slug":"spezialkurse","status":"publish","type":"page","link":"https:\/\/bio-scouting.de\/index.php\/naturkunde-vermitteln\/spezialkurse\/","title":{"rendered":"unsere Spezialkurse"},"content":{"rendered":"\n<h2 class=\"wp-block-heading\">vogelstimmen h\u00f6ren und erkennen mit Bio-Scouting<\/h2>\n\n\n\n<div class=\"wp-block-columns is-layout-flex wp-container-core-columns-is-layout-28f84493 wp-block-columns-is-layout-flex\">\n<div class=\"wp-block-column is-layout-flow wp-block-column-is-layout-flow\">\n<p>bio-scouting spezial fasst einen Bereich von Angeboten zusammen, in dem enger gefasste naturkundliche Themen besonders intensiv \u201eerarbeitet\u201c werden.<\/p>\n\n\n\n<h6 class=\"wp-block-heading\">IN EINER FOLGE VON 4 BIS 6 CA. 2-3-ST\u00dcNDIGEN KURSEN KANN:<\/h6>\n\n\n\n<ul class=\"wp-block-list\">\n<li>Eine besonders hohe Intensit\u00e4t im Erleben, Erfahren und Lernen erreicht werden<\/li>\n\n\n\n<li>Sukzessiv auf Ihren Kenntnissen aufgebaut werden<\/li>\n\n\n\n<li>Der Erfolg von Kursen kontrolliert und auf jede Gruppe ganz gezielt angepasst werden<\/li>\n<\/ul>\n\n\n\n<h6 class=\"wp-block-heading\">DIE GES\u00c4NGE UNSERER V\u00d6GEL<\/h6>\n\n\n\n<p>An vier Vormittagen, einer Nachtexkursion und einem Abschlusskonzert zu je ca. 2 bis 2\u00bd Stunden lernen Sie die 30-40 h\u00e4ufigsten Vogelstimmen Ihrer unmittelbaren Umgebung kennen.<a href=\"https:\/\/web.archive.org\/web\/20250211115746\/https:\/\/www.bio-scouting-tuebingen.de\/upload\/11791420-2524570-die-gesnge-unserer-vgel-2014.pdf\">\u00a0<\/a><\/p>\n<\/div>\n\n\n\n<div class=\"wp-block-column is-layout-flow wp-block-column-is-layout-flow\">\n<h6 class=\"wp-block-heading\">KR\u00d6TE ODER FROSCH<\/h6>\n\n\n\n<p>In vier Abend- und Nacht-Kursen zu je ca. 2 bis 2\u00bd Stunden und 1-2 gr\u00f6\u00dferen Exkursionen lernen Sie alle heimischen Amphibien in den Lebensr\u00e4umen unserer unmittelbaren Umgebung kennen.<\/p>\n\n\n\n<h6 class=\"wp-block-heading\">STERNBILDER UND PLANETEN<\/h6>\n\n\n\n<p>In vier N\u00e4chten im Laufe des Jahres werden Ihnen die klassischen 48 Sternbilder des Nordhimmels, die 5 sichtbaren Planeten, die Meere und Krater des Mondes und andere Ph\u00e4nomene des Sternenhimmels vorgestellt.<\/p>\n<\/div>\n<\/div>\n","protected":false},"excerpt":{"rendered":"<p>vogelstimmen h\u00f6ren und erkennen mit Bio-Scouting bio-scouting spezial fasst einen Bereich von Angeboten zusammen, in dem enger gefasste naturkundliche Themen besonders intensiv \u201eerarbeitet\u201c werden. IN EINER FOLGE VON 4 BIS 6 CA. 2-3-ST\u00dcNDIGEN KURSEN KANN: DIE GES\u00c4NGE UNSERER V\u00d6GEL An vier Vormittagen, einer Nachtexkursion und einem Abschlusskonzert zu je ca. 2 bis 2\u00bd Stunden lernen [&hellip;]<\/p>\n","protected":false},"author":1,"featured_media":0,"parent":50,"menu_order":0,"comment_status":"closed","ping_status":"closed","template":"","meta":{"footnotes":""},"class_list":["post-129","page","type-page","status-publish","hentry"],"jetpack_sharing_enabled":true,"_links":{"self":[{"href":"https:\/\/bio-scouting.de\/index.php\/wp-json\/wp\/v2\/pages\/129","targetHints":{"allow":["GET"]}}],"collection":[{"href":"https:\/\/bio-scouting.de\/index.php\/wp-json\/wp\/v2\/pages"}],"about":[{"href":"https:\/\/bio-scouting.de\/index.php\/wp-json\/wp\/v2\/types\/page"}],"author":[{"embeddable":true,"href":"https:\/\/bio-scouting.de\/index.php\/wp-json\/wp\/v2\/users\/1"}],"replies":[{"embeddable":true,"href":"https:\/\/bio-scouting.de\/index.php\/wp-json\/wp\/v2\/comments?post=129"}],"version-history":[{"count":1,"href":"https:\/\/bio-scouting.de\/index.php\/wp-json\/wp\/v2\/pages\/129\/revisions"}],"predecessor-version":[{"id":130,"href":"https:\/\/bio-scouting.de\/index.php\/wp-json\/wp\/v2\/pages\/129\/revisions\/130"}],"up":[{"embeddable":true,"href":"https:\/\/bio-scouting.de\/index.php\/wp-json\/wp\/v2\/pages\/50"}],"wp:attachment":[{"href":"https:\/\/bio-scouting.de\/index.php\/wp-json\/wp\/v2\/media?parent=129"}],"curies":[{"name":"wp","href":"https:\/\/api.w.org\/{rel}","templated":true}]}}