{"id":131,"date":"2026-03-23T14:01:04","date_gmt":"2026-03-23T14:01:04","guid":{"rendered":"https:\/\/bio-scouting.de\/?page_id=131"},"modified":"2026-03-23T14:01:04","modified_gmt":"2026-03-23T14:01:04","slug":"kompaktkurse","status":"publish","type":"page","link":"https:\/\/bio-scouting.de\/index.php\/naturkunde-vermitteln\/kompaktkurse\/","title":{"rendered":"unsere Kompaktkurse"},"content":{"rendered":"\n<h2 class=\"wp-block-heading\">kindergeburstage in der Natur<\/h2>\n\n\n\n<div class=\"wp-block-columns is-layout-flex wp-container-core-columns-is-layout-28f84493 wp-block-columns-is-layout-flex\">\n<div class=\"wp-block-column is-layout-flow wp-block-column-is-layout-flow\">\n<p>bio-scouting KOMPAKT fasst verschiedene Themen zu einheitlichen Veranstaltungen jeder Art zusammen: Vom 1-st\u00fcndigen Vortrag bis zum mehrt\u00e4gigen Kurs.<\/p>\n\n\n\n<h6 class=\"wp-block-heading\">EINF\u00dcHRUNGSKURSE<\/h6>\n\n\n\n<p>Sie m\u00f6chten erst einmal wissen, was&nbsp;<strong>bio-scouting<\/strong>&nbsp;ist? Dazu dienen Einstiegsveranstaltungen. Theoretische Grundlagen und praktische Beispiele zeigen Ihnen wo&#8217;s mit&nbsp;<strong>bio-scouting<\/strong>&nbsp;langgeht.<\/p>\n\n\n\n<h6 class=\"wp-block-heading\">KINDERGEBURTSTAG<\/h6>\n\n\n\n<p>Da werden alle noch lange von reden: Kindergeburtstag einmal anders!<\/p>\n\n\n\n<ul class=\"wp-block-list\">\n<li>2 Stunden Kindergeburtstagsprogramm ab Haust\u00fcr (und dahin zur\u00fcck)<\/li>\n\n\n\n<li>Eine spannende Spuren- und Schatzsuche quer durch den Wald<\/li>\n\n\n\n<li>Aufgaben-Stationen zur Naturwahrnehmung mit Abenteuercharakter<\/li>\n<\/ul>\n\n\n\n<h6 class=\"wp-block-heading\">PROGRAMM NACH WUNSCH<\/h6>\n\n\n\n<p>Ihren Ideen sind da kaum Grenzen gesetzt. Ob als Projekttag f\u00fcr Ihre Gruppe, als Fortbildung f\u00fcr Ihr Team, als Geschenkgutschein, als Beitrag f\u00fcr Ihre Feier &#8211; setzen Sie sich mit bio-scouting in Verbindung.<\/p>\n<\/div>\n\n\n\n<div class=\"wp-block-column is-layout-flow wp-block-column-is-layout-flow\">\n<h6 class=\"wp-block-heading\">FR\u00dcHLING, SOMMER, HERBST, WINTER<\/h6>\n\n\n\n<p>In diesen vier Ganztagsveranstaltungen sind jeweils vier der f\u00fcnfzehn bio-scouting Themen jahreszeitlich zusammengefasst. Im Zwei-Jahresrhythmus in T\u00fcbingen, aber auch gerne bei Ihnen vor der Haust\u00fcr.<\/p>\n\n\n\n<h6 class=\"wp-block-heading\">NATURERLEBEN: HERBST<\/h6>\n\n\n\n<p>In unserer bio-scouting-Fortbildungsreihe erfolgt dieses Jahr nach dem \u201eFr\u00fchling\u201c nun der \u201eHerbst\u201c. Der Herbst ist eine gro\u00dfartige Zeit des \u00dcbergangs, die Natur bereitet sich auf einen langen Winter vor.<\/p>\n\n\n\n<p>Am auff\u00e4lligsten sind da zun\u00e4chst einmal nat\u00fcrlich die B\u00e4ume, deren Farbenpracht im Mittelpunkt steht. Aber auch den Pilzen, dem Bodenleben und den Spinnen werden wir unsere Aufmerksamkeit widmen.<\/p>\n\n\n\n<p>Mehr \u00fcber das abwechslungsreiche Programm des Tages erfahren Sie bei den Naturkunde-Terminen.<\/p>\n<\/div>\n<\/div>\n","protected":false},"excerpt":{"rendered":"<p>kindergeburstage in der Natur bio-scouting KOMPAKT fasst verschiedene Themen zu einheitlichen Veranstaltungen jeder Art zusammen: Vom 1-st\u00fcndigen Vortrag bis zum mehrt\u00e4gigen Kurs. EINF\u00dcHRUNGSKURSE Sie m\u00f6chten erst einmal wissen, was&nbsp;bio-scouting&nbsp;ist? Dazu dienen Einstiegsveranstaltungen. Theoretische Grundlagen und praktische Beispiele zeigen Ihnen wo&#8217;s mit&nbsp;bio-scouting&nbsp;langgeht. KINDERGEBURTSTAG Da werden alle noch lange von reden: Kindergeburtstag einmal anders! PROGRAMM NACH WUNSCH [&hellip;]<\/p>\n","protected":false},"author":1,"featured_media":0,"parent":50,"menu_order":0,"comment_status":"closed","ping_status":"closed","template":"","meta":{"footnotes":""},"class_list":["post-131","page","type-page","status-publish","hentry"],"jetpack_sharing_enabled":true,"_links":{"self":[{"href":"https:\/\/bio-scouting.de\/index.php\/wp-json\/wp\/v2\/pages\/131","targetHints":{"allow":["GET"]}}],"collection":[{"href":"https:\/\/bio-scouting.de\/index.php\/wp-json\/wp\/v2\/pages"}],"about":[{"href":"https:\/\/bio-scouting.de\/index.php\/wp-json\/wp\/v2\/types\/page"}],"author":[{"embeddable":true,"href":"https:\/\/bio-scouting.de\/index.php\/wp-json\/wp\/v2\/users\/1"}],"replies":[{"embeddable":true,"href":"https:\/\/bio-scouting.de\/index.php\/wp-json\/wp\/v2\/comments?post=131"}],"version-history":[{"count":1,"href":"https:\/\/bio-scouting.de\/index.php\/wp-json\/wp\/v2\/pages\/131\/revisions"}],"predecessor-version":[{"id":132,"href":"https:\/\/bio-scouting.de\/index.php\/wp-json\/wp\/v2\/pages\/131\/revisions\/132"}],"up":[{"embeddable":true,"href":"https:\/\/bio-scouting.de\/index.php\/wp-json\/wp\/v2\/pages\/50"}],"wp:attachment":[{"href":"https:\/\/bio-scouting.de\/index.php\/wp-json\/wp\/v2\/media?parent=131"}],"curies":[{"name":"wp","href":"https:\/\/api.w.org\/{rel}","templated":true}]}}