{"id":141,"date":"2026-03-25T12:11:30","date_gmt":"2026-03-25T12:11:30","guid":{"rendered":"https:\/\/bio-scouting.de\/?page_id=141"},"modified":"2026-03-25T12:11:30","modified_gmt":"2026-03-25T12:11:30","slug":"fortbildungen","status":"publish","type":"page","link":"https:\/\/bio-scouting.de\/index.php\/kinder-in-die-natur\/fortbildungen\/","title":{"rendered":"Fortbildungen f\u00fcr Waldkinderg\u00e4rten"},"content":{"rendered":"\n<h2 class=\"wp-block-heading\">WAldprojekte im Kindergarten<\/h2>\n\n\n\n<div class=\"wp-block-columns is-layout-flex wp-container-core-columns-is-layout-28f84493 wp-block-columns-is-layout-flex\">\n<div class=\"wp-block-column is-layout-flow wp-block-column-is-layout-flow\">\n<p>Bio-scouting bietet speziell entwickelte Fortbildungen sowohl f\u00fcr Waldkinderg\u00e4rten als auch f\u00fcr Kinderg\u00e4rten, die regelm\u00e4\u00dfig mit ihren Kindern Waldprojekte, Waldtage, Waldwochen machen oder dies f\u00fcr die Zukunft vorhaben.<\/p>\n\n\n\n<p>Ber\u00fccksichtigt werden dabei sowohl die Natur-Situation vor Ort, die Bedenken von Tr\u00e4gern, Eltern, Kolleg\/inn\/en sowie M\u00f6glichkeiten oder Einschr\u00e4nkungen Ihrer aktuellen Konzeption.<\/p>\n\n\n\n<p>Inhaltlich geht es zum einen um Rahmenbedingungen, Vorgaben von genehmigenden Institutionen, Sicherheitsma\u00dfnahmen usw., aber auch um Qualit\u00e4tsmerkmale von Waldprojekten, Waldgruppen oder Waldkinderg\u00e4rten.<\/p>\n\n\n\n<p>Zum andern werden inhaltliche Fortbildungen zur p\u00e4dagogischen Arbeit mit Kindern im Wald angeboten.<\/p>\n<\/div>\n\n\n\n<div class=\"wp-block-column is-layout-flow wp-block-column-is-layout-flow\">\n<h3 class=\"wp-block-heading has-custom-color-2-color has-text-color has-link-color has-large-font-size wp-elements-af89770ec2607363e372f7dac0904df2\">Hier folgen Vorschl\u00e4ge \u00fcber verschiedene schon ausgearbeitete Fortbildungen<\/h3>\n\n\n\n<div data-wp-context=\"{ &quot;autoclose&quot;: false, &quot;accordionItems&quot;: [] }\" data-wp-interactive=\"core\/accordion\" role=\"group\" class=\"wp-block-accordion is-layout-flow wp-block-accordion-is-layout-flow\">\n<div data-wp-class--is-open=\"state.isOpen\" data-wp-context=\"{ &quot;id&quot;: &quot;accordion-item-1&quot;, &quot;openByDefault&quot;: false }\" data-wp-init=\"callbacks.initAccordionItems\" data-wp-on-window--hashchange=\"callbacks.hashChange\" class=\"wp-block-accordion-item is-layout-flow wp-block-accordion-item-is-layout-flow\">\n<h3 class=\"wp-block-accordion-heading\"><button aria-expanded=\"false\" aria-controls=\"accordion-item-1-panel\" data-wp-bind--aria-expanded=\"state.isOpen\" data-wp-on--click=\"actions.toggle\" data-wp-on--keydown=\"actions.handleKeyDown\" id=\"accordion-item-1\" type=\"button\" class=\"wp-block-accordion-heading__toggle\"><span class=\"wp-block-accordion-heading__toggle-title\">So viel Wald wie m\u00f6glich<\/span><span class=\"wp-block-accordion-heading__toggle-icon\" aria-hidden=\"true\">+<\/span><\/button><\/h3>\n\n\n\n<div inert aria-labelledby=\"accordion-item-1\" data-wp-bind--inert=\"!state.isOpen\" id=\"accordion-item-1-panel\" role=\"region\" class=\"wp-block-accordion-panel is-layout-flow wp-block-accordion-panel-is-layout-flow\">\n<p>Aus zahlreichen Untersuchungen ist es inzwischen bekannt, welch enorme Rolle Natur f\u00fcr die kindliche Entwicklung spielt. Dennoch \u00fcberwiegen die Bedenken, wenn Kinder im Wald spielen. Doch die Frage ist umzudrehen: Warum setzen wir inzwischen alles daran, mit immer raffinierterem Spielzeug, Fernsehen, Computer und zahlreichen F\u00f6rderprogrammen, unsere Kinder zusehends daran zu hindern, solche tollen ganzheitliche und lebenstaugliche Erfahrungen zu machen, wie sie nur die Natur zu bieten hat?<\/p>\n<\/div>\n<\/div>\n<\/div>\n\n\n\n<div data-wp-context=\"{ &quot;autoclose&quot;: false, &quot;accordionItems&quot;: [] }\" data-wp-interactive=\"core\/accordion\" role=\"group\" class=\"wp-block-accordion is-layout-flow wp-block-accordion-is-layout-flow\">\n<div data-wp-class--is-open=\"state.isOpen\" data-wp-context=\"{ &quot;id&quot;: &quot;accordion-item-2&quot;, &quot;openByDefault&quot;: false }\" data-wp-init=\"callbacks.initAccordionItems\" data-wp-on-window--hashchange=\"callbacks.hashChange\" class=\"wp-block-accordion-item is-layout-flow wp-block-accordion-item-is-layout-flow\">\n<h3 class=\"wp-block-accordion-heading\"><button aria-expanded=\"false\" aria-controls=\"accordion-item-2-panel\" data-wp-bind--aria-expanded=\"state.isOpen\" data-wp-on--click=\"actions.toggle\" data-wp-on--keydown=\"actions.handleKeyDown\" id=\"accordion-item-2\" type=\"button\" class=\"wp-block-accordion-heading__toggle\"><span class=\"wp-block-accordion-heading__toggle-title\">Sinneserfahrungen in der Natur<\/span><span class=\"wp-block-accordion-heading__toggle-icon\" aria-hidden=\"true\">+<\/span><\/button><\/h3>\n\n\n\n<div inert aria-labelledby=\"accordion-item-2\" data-wp-bind--inert=\"!state.isOpen\" id=\"accordion-item-2-panel\" role=\"region\" class=\"wp-block-accordion-panel is-layout-flow wp-block-accordion-panel-is-layout-flow\">\n<p>Nur die Natur bietet dem Menschen den n\u00f6tigen Raum, in dem er seine Sinnessysteme optimal entwickeln kann, schlie\u00dflich hat er sie genau f\u00fcr diese Erfahrungen entwickelt. Im Laufe der Zivilisation ist eine zusehends als dramatisch zu bezeichnende Abstumpfung unserer Sinnesleistung speziell bei der heranwachsenden Generation messbar festzustellen. Ziel dieser Fortbildung ist es, Motivationen und positive Anl\u00e4sse zu finden, mit Kindern ganz viel Natur zu erleben!<\/p>\n<\/div>\n<\/div>\n<\/div>\n\n\n\n<div data-wp-context=\"{ &quot;autoclose&quot;: false, &quot;accordionItems&quot;: [] }\" data-wp-interactive=\"core\/accordion\" role=\"group\" class=\"wp-block-accordion is-layout-flow wp-block-accordion-is-layout-flow\">\n<div data-wp-class--is-open=\"state.isOpen\" data-wp-context=\"{ &quot;id&quot;: &quot;accordion-item-3&quot;, &quot;openByDefault&quot;: false }\" data-wp-init=\"callbacks.initAccordionItems\" data-wp-on-window--hashchange=\"callbacks.hashChange\" class=\"wp-block-accordion-item is-layout-flow wp-block-accordion-item-is-layout-flow\">\n<h3 class=\"wp-block-accordion-heading\"><button aria-expanded=\"false\" aria-controls=\"accordion-item-3-panel\" data-wp-bind--aria-expanded=\"state.isOpen\" data-wp-on--click=\"actions.toggle\" data-wp-on--keydown=\"actions.handleKeyDown\" id=\"accordion-item-3\" type=\"button\" class=\"wp-block-accordion-heading__toggle\"><span class=\"wp-block-accordion-heading__toggle-title\">Forschen und Denken im Wald &#8211; von Anfang an<\/span><span class=\"wp-block-accordion-heading__toggle-icon\" aria-hidden=\"true\">+<\/span><\/button><\/h3>\n\n\n\n<div inert aria-labelledby=\"accordion-item-3\" data-wp-bind--inert=\"!state.isOpen\" id=\"accordion-item-3-panel\" role=\"region\" class=\"wp-block-accordion-panel is-layout-flow wp-block-accordion-panel-is-layout-flow\">\n<p>\u201eNaturerlebnisse als Grundlage f\u00fcr mathematisches Denken\u201c ist der Untertitel dieser Veranstaltung. Ein weiterer Schwerpunkt ist die Kleinkindp\u00e4dagogik (Unter-Drei-J\u00e4hrige) &#8211; drei scheinbar erst einmal fern voneinander liegende Themenbereiche. Doch gerade darin liegt der Reiz und Wert dieser Fortbildung, Naturerlebnisse, mathematische Kompetenzen und fr\u00fchkindliche Entwicklung zusammen zu denken.<\/p>\n<\/div>\n<\/div>\n<\/div>\n\n\n\n<div data-wp-context=\"{ &quot;autoclose&quot;: false, &quot;accordionItems&quot;: [] }\" data-wp-interactive=\"core\/accordion\" role=\"group\" class=\"wp-block-accordion is-layout-flow wp-block-accordion-is-layout-flow\">\n<div data-wp-class--is-open=\"state.isOpen\" data-wp-context=\"{ &quot;id&quot;: &quot;accordion-item-4&quot;, &quot;openByDefault&quot;: false }\" data-wp-init=\"callbacks.initAccordionItems\" data-wp-on-window--hashchange=\"callbacks.hashChange\" class=\"wp-block-accordion-item is-layout-flow wp-block-accordion-item-is-layout-flow\">\n<h3 class=\"wp-block-accordion-heading\"><button aria-expanded=\"false\" aria-controls=\"accordion-item-4-panel\" data-wp-bind--aria-expanded=\"state.isOpen\" data-wp-on--click=\"actions.toggle\" data-wp-on--keydown=\"actions.handleKeyDown\" id=\"accordion-item-4\" type=\"button\" class=\"wp-block-accordion-heading__toggle\"><span class=\"wp-block-accordion-heading__toggle-title\">Hinterm Gartenzaun beginnt das Abenteuer<\/span><span class=\"wp-block-accordion-heading__toggle-icon\" aria-hidden=\"true\">+<\/span><\/button><\/h3>\n\n\n\n<div inert aria-labelledby=\"accordion-item-4\" data-wp-bind--inert=\"!state.isOpen\" id=\"accordion-item-4-panel\" role=\"region\" class=\"wp-block-accordion-panel is-layout-flow wp-block-accordion-panel-is-layout-flow\">\n<p>Erlebnisp\u00e4dagogik einmal anders! Diese Fortbildung m\u00f6chte vermitteln, dass Abenteuer auch direkt vor unserer Haust\u00fcr jederzeit m\u00f6glich sind. Man muss weder ferne L\u00e4nder bereisen, noch gro\u00dfen Aufwand betreiben &#8211; man muss nur mal \u00fcber seinen Gartenzaun steigen, die Wege verlassen und den Blick auf die vielen kleinen und manchmal auch gro\u00dfen ungeplanten Erlebnisse lenken.<\/p>\n<\/div>\n<\/div>\n<\/div>\n\n\n\n<div data-wp-context=\"{ &quot;autoclose&quot;: false, &quot;accordionItems&quot;: [] }\" data-wp-interactive=\"core\/accordion\" role=\"group\" class=\"wp-block-accordion is-layout-flow wp-block-accordion-is-layout-flow\">\n<div data-wp-class--is-open=\"state.isOpen\" data-wp-context=\"{ &quot;id&quot;: &quot;accordion-item-5&quot;, &quot;openByDefault&quot;: false }\" data-wp-init=\"callbacks.initAccordionItems\" data-wp-on-window--hashchange=\"callbacks.hashChange\" class=\"wp-block-accordion-item is-layout-flow wp-block-accordion-item-is-layout-flow\">\n<h3 class=\"wp-block-accordion-heading\"><button aria-expanded=\"false\" aria-controls=\"accordion-item-5-panel\" data-wp-bind--aria-expanded=\"state.isOpen\" data-wp-on--click=\"actions.toggle\" data-wp-on--keydown=\"actions.handleKeyDown\" id=\"accordion-item-5\" type=\"button\" class=\"wp-block-accordion-heading__toggle\"><span class=\"wp-block-accordion-heading__toggle-title\">Vogelstimmen &#8211; wer wird K\u00f6nig der V\u00f6gel?<\/span><span class=\"wp-block-accordion-heading__toggle-icon\" aria-hidden=\"true\">+<\/span><\/button><\/h3>\n\n\n\n<div inert aria-labelledby=\"accordion-item-5\" data-wp-bind--inert=\"!state.isOpen\" id=\"accordion-item-5-panel\" role=\"region\" class=\"wp-block-accordion-panel is-layout-flow wp-block-accordion-panel-is-layout-flow\">\n<p>Selbst kleine Kinder haben schon einen unglaublichen Bezug zu Vogelstimmen. Sie k\u00f6nnen die Verschiedenheit selbst komplexer Vogelges\u00e4nge problemlos differenzieren. Schwierig ist nur der Weg der Kommunikation. In dieser Fortbildung wird der spielerische Umgang mit den zu h\u00f6renden Vogelstimmen im Vordergrund stehen. Sinnliche Wahrnehmung, rhythmisches Erleben, sprachliche Kompetenz &#8211; all das l\u00e4sst sich \u00fcber Vogelstimmen bilden und entwickeln.<\/p>\n<\/div>\n<\/div>\n<\/div>\n<\/div>\n<\/div>\n\n\n\n<p>Erlebnisp\u00e4dagogik einmal anders! Diese Fortbildung m\u00f6chte vermitteln, dass Abenteuer auch direkt vor unserer Haust\u00fcr jederzeit m\u00f6glich sind. Man muss weder ferne L\u00e4nder bereisen, noch gro\u00dfen Aufwand betreiben &#8211; man muss nur mal \u00fcber seinen Gartenzaun steigen, die Wege verlassen und den Blick auf die vielen kleinen und manchmal auch gro\u00dfen ungeplanten Erlebnisse lenken.<\/p>\n","protected":false},"excerpt":{"rendered":"<p>WAldprojekte im Kindergarten Bio-scouting bietet speziell entwickelte Fortbildungen sowohl f\u00fcr Waldkinderg\u00e4rten als auch f\u00fcr Kinderg\u00e4rten, die regelm\u00e4\u00dfig mit ihren Kindern Waldprojekte, Waldtage, Waldwochen machen oder dies f\u00fcr die Zukunft vorhaben. Ber\u00fccksichtigt werden dabei sowohl die Natur-Situation vor Ort, die Bedenken von Tr\u00e4gern, Eltern, Kolleg\/inn\/en sowie M\u00f6glichkeiten oder Einschr\u00e4nkungen Ihrer aktuellen Konzeption. Inhaltlich geht es zum [&hellip;]<\/p>\n","protected":false},"author":1,"featured_media":0,"parent":66,"menu_order":0,"comment_status":"closed","ping_status":"closed","template":"","meta":{"footnotes":""},"class_list":["post-141","page","type-page","status-publish","hentry"],"jetpack_sharing_enabled":true,"_links":{"self":[{"href":"https:\/\/bio-scouting.de\/index.php\/wp-json\/wp\/v2\/pages\/141","targetHints":{"allow":["GET"]}}],"collection":[{"href":"https:\/\/bio-scouting.de\/index.php\/wp-json\/wp\/v2\/pages"}],"about":[{"href":"https:\/\/bio-scouting.de\/index.php\/wp-json\/wp\/v2\/types\/page"}],"author":[{"embeddable":true,"href":"https:\/\/bio-scouting.de\/index.php\/wp-json\/wp\/v2\/users\/1"}],"replies":[{"embeddable":true,"href":"https:\/\/bio-scouting.de\/index.php\/wp-json\/wp\/v2\/comments?post=141"}],"version-history":[{"count":2,"href":"https:\/\/bio-scouting.de\/index.php\/wp-json\/wp\/v2\/pages\/141\/revisions"}],"predecessor-version":[{"id":143,"href":"https:\/\/bio-scouting.de\/index.php\/wp-json\/wp\/v2\/pages\/141\/revisions\/143"}],"up":[{"embeddable":true,"href":"https:\/\/bio-scouting.de\/index.php\/wp-json\/wp\/v2\/pages\/66"}],"wp:attachment":[{"href":"https:\/\/bio-scouting.de\/index.php\/wp-json\/wp\/v2\/media?parent=141"}],"curies":[{"name":"wp","href":"https:\/\/api.w.org\/{rel}","templated":true}]}}