{"id":144,"date":"2026-03-25T12:15:03","date_gmt":"2026-03-25T12:15:03","guid":{"rendered":"https:\/\/bio-scouting.de\/?page_id=144"},"modified":"2026-03-25T12:15:03","modified_gmt":"2026-03-25T12:15:03","slug":"waldkindergarten","status":"publish","type":"page","link":"https:\/\/bio-scouting.de\/index.php\/kinder-in-die-natur\/waldkindergarten\/","title":{"rendered":"Waldkindergarten in T\u00fcbingen"},"content":{"rendered":"\n<h2 class=\"wp-block-heading\">Waldprojekte im Kindergarten<\/h2>\n\n\n\n<div class=\"wp-block-columns is-layout-flex wp-container-core-columns-is-layout-28f84493 wp-block-columns-is-layout-flex\">\n<div class=\"wp-block-column is-layout-flow wp-block-column-is-layout-flow\">\n<p>bio-scouting ist bundesweiter Experte f\u00fcr Waldkinderg\u00e4rten. Schon von den ersten Gr\u00fcndungen in Deutschland in den 90er Jahren ist bio-scouting ganz eng mit der Entwicklung der Waldkinderg\u00e4rten befasst. Wir k\u00f6nnen also nunmehr auf 15 Jahre Erfahrung zum Thema \u201eKindergarten und Wald\u201c zur\u00fcckblicken und m\u00f6chten diese Erfahrungen gerne jederzeit weitergeben.<\/p>\n\n\n\n<p>Thomas Klingseis kennt die Waldkinderg\u00e4rten aus erster Hand \u2013 selbst noch aktiv im Vorstand des Waldkindergarten T\u00fcbingen Eichh\u00f6rnchen e.V. \u2013 arbeitet er seit Jahren intensiv an der Vernetzung der bestehenden oder entstehenden Einrichtungen auf regionaler, Landes- und Bundesebene.<\/p>\n<\/div>\n\n\n\n<div class=\"wp-block-column is-layout-flow wp-block-column-is-layout-flow\">\n<p>F\u00fcr eine erste Beratung steht Ihnen bio-scouting jederzeit zur Verf\u00fcgung.<\/p>\n\n\n\n<p>Besonders intensive Beratung erhalten Sie \u00fcber eine Mitgliedschaft im Landesverband der Waldkinderg\u00e4rten Baden-W\u00fcrttemberg (<a href=\"https:\/\/www.waldkindergartenlandesverband.de\/\" target=\"_blank\" rel=\"noreferrer noopener\">www.waldkindergartenlandesverband.de<\/a>) oder \u00fcber den Bundesverband der Waldkinderg\u00e4rten (<a href=\"https:\/\/www.bvnw.de\/\" target=\"_blank\" rel=\"noreferrer noopener\">www.bvnw.de<\/a>).<\/p>\n<\/div>\n<\/div>\n","protected":false},"excerpt":{"rendered":"<p>Waldprojekte im Kindergarten bio-scouting ist bundesweiter Experte f\u00fcr Waldkinderg\u00e4rten. Schon von den ersten Gr\u00fcndungen in Deutschland in den 90er Jahren ist bio-scouting ganz eng mit der Entwicklung der Waldkinderg\u00e4rten befasst. Wir k\u00f6nnen also nunmehr auf 15 Jahre Erfahrung zum Thema \u201eKindergarten und Wald\u201c zur\u00fcckblicken und m\u00f6chten diese Erfahrungen gerne jederzeit weitergeben. Thomas Klingseis kennt die [&hellip;]<\/p>\n","protected":false},"author":1,"featured_media":0,"parent":66,"menu_order":0,"comment_status":"closed","ping_status":"closed","template":"","meta":{"footnotes":""},"class_list":["post-144","page","type-page","status-publish","hentry"],"jetpack_sharing_enabled":true,"_links":{"self":[{"href":"https:\/\/bio-scouting.de\/index.php\/wp-json\/wp\/v2\/pages\/144","targetHints":{"allow":["GET"]}}],"collection":[{"href":"https:\/\/bio-scouting.de\/index.php\/wp-json\/wp\/v2\/pages"}],"about":[{"href":"https:\/\/bio-scouting.de\/index.php\/wp-json\/wp\/v2\/types\/page"}],"author":[{"embeddable":true,"href":"https:\/\/bio-scouting.de\/index.php\/wp-json\/wp\/v2\/users\/1"}],"replies":[{"embeddable":true,"href":"https:\/\/bio-scouting.de\/index.php\/wp-json\/wp\/v2\/comments?post=144"}],"version-history":[{"count":2,"href":"https:\/\/bio-scouting.de\/index.php\/wp-json\/wp\/v2\/pages\/144\/revisions"}],"predecessor-version":[{"id":146,"href":"https:\/\/bio-scouting.de\/index.php\/wp-json\/wp\/v2\/pages\/144\/revisions\/146"}],"up":[{"embeddable":true,"href":"https:\/\/bio-scouting.de\/index.php\/wp-json\/wp\/v2\/pages\/66"}],"wp:attachment":[{"href":"https:\/\/bio-scouting.de\/index.php\/wp-json\/wp\/v2\/media?parent=144"}],"curies":[{"name":"wp","href":"https:\/\/api.w.org\/{rel}","templated":true}]}}