{"id":148,"date":"2026-03-25T12:17:06","date_gmt":"2026-03-25T12:17:06","guid":{"rendered":"https:\/\/bio-scouting.de\/?page_id=148"},"modified":"2026-03-25T12:17:06","modified_gmt":"2026-03-25T12:17:06","slug":"waldkindergarten-eichhoernchen","status":"publish","type":"page","link":"https:\/\/bio-scouting.de\/index.php\/kinder-in-die-natur\/waldkindergarten-eichhoernchen\/","title":{"rendered":"Waldkindergarten Eichh\u00f6rnchen"},"content":{"rendered":"\n<h2 class=\"wp-block-heading\">Waldp\u00e4dagogik in T\u00fcbingen<\/h2>\n\n\n\n<div class=\"wp-block-columns is-layout-flex wp-container-core-columns-is-layout-28f84493 wp-block-columns-is-layout-flex\">\n<div class=\"wp-block-column is-layout-flow wp-block-column-is-layout-flow\">\n<p>Der T\u00fcbinger Waldkindergarten Eichh\u00f6rnchen e.V. er\u00f6ffnete 1996 seine Tore. Schon seit 1997 arbeitet Waldkindergarten mit 6-st\u00fcndigem Betrieb und seit September 2009 bietet er als einer der ersten in Baden-W\u00fcrttemberg auch Ganztagspl\u00e4tze.<\/p>\n\n\n\n<p>Die Kinder halten sich den ganzen Tag bei jedem Wetter die meiste Zeit im Wald auf. Viele kleine Nischen, aber auch gro\u00dfe Abenteuergebiete erschlie\u00dfen den Kindern eine unglaubliche vielf\u00e4ltige Welt, in der sie forschen, konstruieren, sich sozial miteinander und k\u00f6rperlich genauso wie sinnlich optimal entwickeln k\u00f6nnen.<\/p>\n<\/div>\n\n\n\n<div class=\"wp-block-column is-layout-flow wp-block-column-is-layout-flow\">\n<p>Eine recht ger\u00e4umige, zum Ganztagsbetrieb um Schlafm\u00f6glichkeiten erweiterte Schutzh\u00fctte garantiert einen reibungslosen Ablauf auch bei extremeren Wetterlagen. Au\u00dferdem bietet sie Platz f\u00fcr erg\u00e4nzende Angebote wie Mal- und Bastelutensilien, B\u00fccher, Musikinstrumente, Werkzeuge und die gro\u00dfen und kleinen Sammlungen der Kinder.<\/p>\n\n\n\n<p>Weitere Informationen direkt \u00fcber bio-scouting oder \u00fcber die Homepage des Waldkindergartens\u00a0<a href=\"https:\/\/waldkindergarteneichhoernchen.de\/\" target=\"_blank\" rel=\"noreferrer noopener\">www.waldkindergarteneichhoernchen.de<\/a>.<\/p>\n<\/div>\n<\/div>\n","protected":false},"excerpt":{"rendered":"<p>Waldp\u00e4dagogik in T\u00fcbingen Der T\u00fcbinger Waldkindergarten Eichh\u00f6rnchen e.V. er\u00f6ffnete 1996 seine Tore. Schon seit 1997 arbeitet Waldkindergarten mit 6-st\u00fcndigem Betrieb und seit September 2009 bietet er als einer der ersten in Baden-W\u00fcrttemberg auch Ganztagspl\u00e4tze. Die Kinder halten sich den ganzen Tag bei jedem Wetter die meiste Zeit im Wald auf. Viele kleine Nischen, aber auch [&hellip;]<\/p>\n","protected":false},"author":1,"featured_media":0,"parent":66,"menu_order":0,"comment_status":"closed","ping_status":"closed","template":"","meta":{"footnotes":""},"class_list":["post-148","page","type-page","status-publish","hentry"],"jetpack_sharing_enabled":true,"_links":{"self":[{"href":"https:\/\/bio-scouting.de\/index.php\/wp-json\/wp\/v2\/pages\/148","targetHints":{"allow":["GET"]}}],"collection":[{"href":"https:\/\/bio-scouting.de\/index.php\/wp-json\/wp\/v2\/pages"}],"about":[{"href":"https:\/\/bio-scouting.de\/index.php\/wp-json\/wp\/v2\/types\/page"}],"author":[{"embeddable":true,"href":"https:\/\/bio-scouting.de\/index.php\/wp-json\/wp\/v2\/users\/1"}],"replies":[{"embeddable":true,"href":"https:\/\/bio-scouting.de\/index.php\/wp-json\/wp\/v2\/comments?post=148"}],"version-history":[{"count":1,"href":"https:\/\/bio-scouting.de\/index.php\/wp-json\/wp\/v2\/pages\/148\/revisions"}],"predecessor-version":[{"id":149,"href":"https:\/\/bio-scouting.de\/index.php\/wp-json\/wp\/v2\/pages\/148\/revisions\/149"}],"up":[{"embeddable":true,"href":"https:\/\/bio-scouting.de\/index.php\/wp-json\/wp\/v2\/pages\/66"}],"wp:attachment":[{"href":"https:\/\/bio-scouting.de\/index.php\/wp-json\/wp\/v2\/media?parent=148"}],"curies":[{"name":"wp","href":"https:\/\/api.w.org\/{rel}","templated":true}]}}