{"id":150,"date":"2026-03-25T12:20:50","date_gmt":"2026-03-25T12:20:50","guid":{"rendered":"https:\/\/bio-scouting.de\/?page_id=150"},"modified":"2026-03-25T12:29:59","modified_gmt":"2026-03-25T12:29:59","slug":"projekte","status":"publish","type":"page","link":"https:\/\/bio-scouting.de\/index.php\/mit-kindern-forschen\/projekte\/","title":{"rendered":"Naturbegegnung"},"content":{"rendered":"\n<h2 class=\"wp-block-heading\">Projekttage an SChulen und Aktionen f\u00fcr Kinder<\/h2>\n\n\n\n<div class=\"wp-block-columns is-layout-flex wp-container-core-columns-is-layout-28f84493 wp-block-columns-is-layout-flex\">\n<div class=\"wp-block-column is-layout-flow wp-block-column-is-layout-flow\">\n<p>bio-scouting kommt zu Ihnen in Kindergarten und Grundschule \u2013 zu Aktionen mit Kindern, Elternabenden, oder auch zu Beitr\u00e4gen zu Aktionstagen f\u00fcr Ihre Einrichtung wie Tag der offenen T\u00fcr, Projekttage \u2013 oder was immer Sie w\u00fcnschen.<\/p>\n\n\n\n<p>Setzen Sie sich mit mir in Verbindung.<\/p>\n<\/div>\n\n\n\n<div class=\"wp-block-column is-layout-flow wp-block-column-is-layout-flow\">\n<h3 class=\"wp-block-heading has-custom-color-2-color has-text-color has-link-color has-large-font-size wp-elements-fbbbc41e51705b7ed558bccd22be5374\">Hier folgen Ideen &amp; Angebote zu schon mehr oder weniger ausgearbeiteten Projekten<\/h3>\n\n\n\n<div data-wp-context=\"{ &quot;autoclose&quot;: false, &quot;accordionItems&quot;: [] }\" data-wp-interactive=\"core\/accordion\" role=\"group\" class=\"wp-block-accordion is-layout-flow wp-block-accordion-is-layout-flow\">\n<div data-wp-class--is-open=\"state.isOpen\" data-wp-context=\"{ &quot;id&quot;: &quot;accordion-item-1&quot;, &quot;openByDefault&quot;: false }\" data-wp-init=\"callbacks.initAccordionItems\" data-wp-on-window--hashchange=\"callbacks.hashChange\" class=\"wp-block-accordion-item is-layout-flow wp-block-accordion-item-is-layout-flow\">\n<h3 class=\"wp-block-accordion-heading\"><button aria-expanded=\"false\" aria-controls=\"accordion-item-1-panel\" data-wp-bind--aria-expanded=\"state.isOpen\" data-wp-on--click=\"actions.toggle\" data-wp-on--keydown=\"actions.handleKeyDown\" id=\"accordion-item-1\" type=\"button\" class=\"wp-block-accordion-heading__toggle\"><span class=\"wp-block-accordion-heading__toggle-title\">Theaterp\u00e4dagogik und Naturwissenschaft<\/span><span class=\"wp-block-accordion-heading__toggle-icon\" aria-hidden=\"true\">+<\/span><\/button><\/h3>\n\n\n\n<div inert aria-labelledby=\"accordion-item-1\" data-wp-bind--inert=\"!state.isOpen\" id=\"accordion-item-1-panel\" role=\"region\" class=\"wp-block-accordion-panel is-layout-flow wp-block-accordion-panel-is-layout-flow\">\n<p>Lieber Kunde, leider befindet sich unsere neue Webseite noch im Aufbau. Deswegen bieten manche Unterseiten wie diese hier Ihnen noch keine weiteren Informationen. Wir entschuldigen uns daf\u00fcr und danken Ihnen f\u00fcr Ihr Verst\u00e4ndnis. Wir werden ganz bald alle Informationen nachreichen. Lassen Sie sich \u00fcberraschen.<\/p>\n<\/div>\n<\/div>\n<\/div>\n<\/div>\n<\/div>\n","protected":false},"excerpt":{"rendered":"<p>Projekttage an SChulen und Aktionen f\u00fcr Kinder bio-scouting kommt zu Ihnen in Kindergarten und Grundschule \u2013 zu Aktionen mit Kindern, Elternabenden, oder auch zu Beitr\u00e4gen zu Aktionstagen f\u00fcr Ihre Einrichtung wie Tag der offenen T\u00fcr, Projekttage \u2013 oder was immer Sie w\u00fcnschen. Setzen Sie sich mit mir in Verbindung. Hier folgen Ideen &amp; Angebote zu [&hellip;]<\/p>\n","protected":false},"author":1,"featured_media":0,"parent":70,"menu_order":0,"comment_status":"closed","ping_status":"closed","template":"","meta":{"footnotes":""},"class_list":["post-150","page","type-page","status-publish","hentry"],"jetpack_sharing_enabled":true,"_links":{"self":[{"href":"https:\/\/bio-scouting.de\/index.php\/wp-json\/wp\/v2\/pages\/150","targetHints":{"allow":["GET"]}}],"collection":[{"href":"https:\/\/bio-scouting.de\/index.php\/wp-json\/wp\/v2\/pages"}],"about":[{"href":"https:\/\/bio-scouting.de\/index.php\/wp-json\/wp\/v2\/types\/page"}],"author":[{"embeddable":true,"href":"https:\/\/bio-scouting.de\/index.php\/wp-json\/wp\/v2\/users\/1"}],"replies":[{"embeddable":true,"href":"https:\/\/bio-scouting.de\/index.php\/wp-json\/wp\/v2\/comments?post=150"}],"version-history":[{"count":1,"href":"https:\/\/bio-scouting.de\/index.php\/wp-json\/wp\/v2\/pages\/150\/revisions"}],"predecessor-version":[{"id":151,"href":"https:\/\/bio-scouting.de\/index.php\/wp-json\/wp\/v2\/pages\/150\/revisions\/151"}],"up":[{"embeddable":true,"href":"https:\/\/bio-scouting.de\/index.php\/wp-json\/wp\/v2\/pages\/70"}],"wp:attachment":[{"href":"https:\/\/bio-scouting.de\/index.php\/wp-json\/wp\/v2\/media?parent=150"}],"curies":[{"name":"wp","href":"https:\/\/api.w.org\/{rel}","templated":true}]}}