{"id":154,"date":"2026-03-25T12:35:11","date_gmt":"2026-03-25T12:35:11","guid":{"rendered":"https:\/\/bio-scouting.de\/?page_id=154"},"modified":"2026-03-25T12:35:11","modified_gmt":"2026-03-25T12:35:11","slug":"bildungsplaene","status":"publish","type":"page","link":"https:\/\/bio-scouting.de\/index.php\/mit-kindern-forschen\/bildungsplaene\/","title":{"rendered":"Bildungspl\u00e4ne"},"content":{"rendered":"\n<h2 class=\"wp-block-heading\">F\u00fcr Th\u00fcringen und Sachsen<\/h2>\n\n\n\n<div class=\"wp-block-columns is-layout-flex wp-container-core-columns-is-layout-28f84493 wp-block-columns-is-layout-flex\">\n<div class=\"wp-block-column is-layout-flow wp-block-column-is-layout-flow\">\n<p>In den Bildungspl\u00e4nen der L\u00e4nder spielen Naturwissenschaften, aber auch Natur- und Waldprojekte eine wichtige Rolle. Wir haben uns eingearbeitet, um die entsprechenden Aspekte in unseren Angeboten gezielt ber\u00fccksichtigen zu k\u00f6nnen.<\/p>\n\n\n\n<p>Angebote bestehen bereits f\u00fcr die L\u00e4nder Baden-W\u00fcrttemberg, Th\u00fcringen, Sachsen, Bayern, Hessen und Rheinland-Pfalz.<\/p>\n\n\n\n<p>Regionaler Schwerpunkt ist der \u201eOrientierungsplan f\u00fcr Bildung und Erziehung f\u00fcr die baden-w\u00fcrttembergischen Kinderg\u00e4rten\u201c. Dabei deckt bio-scouting neben dem Bildungs- und Entwicklungsfeld \u201eDenken\u201c, das inhaltlich viele Bereiche der naturwissenschaftlichen Bildung aufgreift, auch die Felder \u201eK\u00f6rper\u201c und \u201eSinne\u201c ab, letztere als Wald- und Naturangebote.<\/p>\n\n\n\n<p>Auf die speziellen Anspr\u00fcche der einzelnen Bildungspl\u00e4ne und die Vorstellungen unserer Kunden kann jederzeit gezielt eingegangen werden. Wir freuen uns auf Ihre Anfragen!<\/p>\n<\/div>\n\n\n\n<div class=\"wp-block-column is-layout-flow wp-block-column-is-layout-flow\">\n<h3 class=\"wp-block-heading has-custom-color-2-color has-text-color has-link-color has-large-font-size wp-elements-e00ac1cf0dd66d41a2b32ac23c35ab4c\">Hier eine Auswahl aktueller Themen<\/h3>\n\n\n\n<div data-wp-context=\"{ &quot;autoclose&quot;: false, &quot;accordionItems&quot;: [] }\" data-wp-interactive=\"core\/accordion\" role=\"group\" class=\"wp-block-accordion is-layout-flow wp-block-accordion-is-layout-flow\">\n<div data-wp-class--is-open=\"state.isOpen\" data-wp-context=\"{ &quot;id&quot;: &quot;accordion-item-1&quot;, &quot;openByDefault&quot;: false }\" data-wp-init=\"callbacks.initAccordionItems\" data-wp-on-window--hashchange=\"callbacks.hashChange\" class=\"wp-block-accordion-item is-layout-flow wp-block-accordion-item-is-layout-flow\">\n<h3 class=\"wp-block-accordion-heading\"><button aria-expanded=\"false\" aria-controls=\"accordion-item-1-panel\" data-wp-bind--aria-expanded=\"state.isOpen\" data-wp-on--click=\"actions.toggle\" data-wp-on--keydown=\"actions.handleKeyDown\" id=\"accordion-item-1\" type=\"button\" class=\"wp-block-accordion-heading__toggle\"><span class=\"wp-block-accordion-heading__toggle-title\">Bildungsbereich Mathematik<\/span><span class=\"wp-block-accordion-heading__toggle-icon\" aria-hidden=\"true\">+<\/span><\/button><\/h3>\n\n\n\n<div inert aria-labelledby=\"accordion-item-1\" data-wp-bind--inert=\"!state.isOpen\" id=\"accordion-item-1-panel\" role=\"region\" class=\"wp-block-accordion-panel is-layout-flow wp-block-accordion-panel-is-layout-flow\">\n<p>Schon beim Sammeln und Sortieren eignen sich Kinder erste mathematische Kompetenzen an. Von konkreten mathematischen Konzepten bis zu zahlreichen Alltagssituationen reicht der Kontext mathematischer Bildungsprozesse.<\/p>\n<\/div>\n<\/div>\n<\/div>\n\n\n\n<div data-wp-context=\"{ &quot;autoclose&quot;: false, &quot;accordionItems&quot;: [] }\" data-wp-interactive=\"core\/accordion\" role=\"group\" class=\"wp-block-accordion is-layout-flow wp-block-accordion-is-layout-flow\">\n<div data-wp-class--is-open=\"state.isOpen\" data-wp-context=\"{ &quot;id&quot;: &quot;accordion-item-2&quot;, &quot;openByDefault&quot;: false }\" data-wp-init=\"callbacks.initAccordionItems\" data-wp-on-window--hashchange=\"callbacks.hashChange\" class=\"wp-block-accordion-item is-layout-flow wp-block-accordion-item-is-layout-flow\">\n<h3 class=\"wp-block-accordion-heading\"><button aria-expanded=\"false\" aria-controls=\"accordion-item-2-panel\" data-wp-bind--aria-expanded=\"state.isOpen\" data-wp-on--click=\"actions.toggle\" data-wp-on--keydown=\"actions.handleKeyDown\" id=\"accordion-item-2\" type=\"button\" class=\"wp-block-accordion-heading__toggle\"><span class=\"wp-block-accordion-heading__toggle-title\">Bildungs- und Entwicklungsfeld \u201eSinne\u201c<\/span><span class=\"wp-block-accordion-heading__toggle-icon\" aria-hidden=\"true\">+<\/span><\/button><\/h3>\n\n\n\n<div inert aria-labelledby=\"accordion-item-2\" data-wp-bind--inert=\"!state.isOpen\" id=\"accordion-item-2-panel\" role=\"region\" class=\"wp-block-accordion-panel is-layout-flow wp-block-accordion-panel-is-layout-flow\">\n<p>Wahrnehmen, Erforschen und Entdecken, Gestalten und Experimentieren sind Schl\u00fcsselbegriffe f\u00fcr das Feld \u201eSinne\u201c. Inhalt dieser Fortbildung ist zu zeigen, dass uns die Natur daf\u00fcr einen geradezu idealen Raum zur Verf\u00fcgung stellt.<\/p>\n<\/div>\n<\/div>\n<\/div>\n\n\n\n<div data-wp-context=\"{ &quot;autoclose&quot;: false, &quot;accordionItems&quot;: [] }\" data-wp-interactive=\"core\/accordion\" role=\"group\" class=\"wp-block-accordion is-layout-flow wp-block-accordion-is-layout-flow\">\n<div data-wp-class--is-open=\"state.isOpen\" data-wp-context=\"{ &quot;id&quot;: &quot;accordion-item-3&quot;, &quot;openByDefault&quot;: false }\" data-wp-init=\"callbacks.initAccordionItems\" data-wp-on-window--hashchange=\"callbacks.hashChange\" class=\"wp-block-accordion-item is-layout-flow wp-block-accordion-item-is-layout-flow\">\n<h3 class=\"wp-block-accordion-heading\"><button aria-expanded=\"false\" aria-controls=\"accordion-item-3-panel\" data-wp-bind--aria-expanded=\"state.isOpen\" data-wp-on--click=\"actions.toggle\" data-wp-on--keydown=\"actions.handleKeyDown\" id=\"accordion-item-3\" type=\"button\" class=\"wp-block-accordion-heading__toggle\"><span class=\"wp-block-accordion-heading__toggle-title\">Bildungs- und Entwicklungsfeld \u201eK\u00f6rper\u201c<\/span><span class=\"wp-block-accordion-heading__toggle-icon\" aria-hidden=\"true\">+<\/span><\/button><\/h3>\n\n\n\n<div inert aria-labelledby=\"accordion-item-3\" data-wp-bind--inert=\"!state.isOpen\" id=\"accordion-item-3-panel\" role=\"region\" class=\"wp-block-accordion-panel is-layout-flow wp-block-accordion-panel-is-layout-flow\">\n<p><br>\u201eEinfach mal raus! \u2013 Natur als idealen Bewegungsraum erleben\u201c ist der Untertitel dieser Fortbildung. Bewegung, Gesundheit, und \u00fcber allem das Ziel eines positiven K\u00f6rpergef\u00fchls. Wo k\u00f6nnten diese Ziele besser verwirklicht werden als drau\u00dfen im Wald?<\/p>\n<\/div>\n<\/div>\n<\/div>\n\n\n\n<div data-wp-context=\"{ &quot;autoclose&quot;: false, &quot;accordionItems&quot;: [] }\" data-wp-interactive=\"core\/accordion\" role=\"group\" class=\"wp-block-accordion is-layout-flow wp-block-accordion-is-layout-flow\">\n<div data-wp-class--is-open=\"state.isOpen\" data-wp-context=\"{ &quot;id&quot;: &quot;accordion-item-4&quot;, &quot;openByDefault&quot;: false }\" data-wp-init=\"callbacks.initAccordionItems\" data-wp-on-window--hashchange=\"callbacks.hashChange\" class=\"wp-block-accordion-item is-layout-flow wp-block-accordion-item-is-layout-flow\">\n<h3 class=\"wp-block-accordion-heading\"><button aria-expanded=\"false\" aria-controls=\"accordion-item-4-panel\" data-wp-bind--aria-expanded=\"state.isOpen\" data-wp-on--click=\"actions.toggle\" data-wp-on--keydown=\"actions.handleKeyDown\" id=\"accordion-item-4\" type=\"button\" class=\"wp-block-accordion-heading__toggle\"><span class=\"wp-block-accordion-heading__toggle-title\">Bildungs- und Entwicklungsfeld \u201eDenken\u201c<\/span><span class=\"wp-block-accordion-heading__toggle-icon\" aria-hidden=\"true\">+<\/span><\/button><\/h3>\n\n\n\n<div inert aria-labelledby=\"accordion-item-4\" data-wp-bind--inert=\"!state.isOpen\" id=\"accordion-item-4-panel\" role=\"region\" class=\"wp-block-accordion-panel is-layout-flow wp-block-accordion-panel-is-layout-flow\">\n<p>\u201eDas Auge schl\u00e4ft, bis der Geist es mit einer Frage weckt.\u201c &#8211; Dieses Sprichwort steht als Motto \u00fcber diesem Angebot. Anhand des Schwerpunktes \u201eForschen\u201c wird gezeigt und ausprobiert, wie Naturph\u00e4nomene aller Art, Kinder zum Denken anregen.<\/p>\n<\/div>\n<\/div>\n<\/div>\n<\/div>\n<\/div>\n","protected":false},"excerpt":{"rendered":"<p>F\u00fcr Th\u00fcringen und Sachsen In den Bildungspl\u00e4nen der L\u00e4nder spielen Naturwissenschaften, aber auch Natur- und Waldprojekte eine wichtige Rolle. Wir haben uns eingearbeitet, um die entsprechenden Aspekte in unseren Angeboten gezielt ber\u00fccksichtigen zu k\u00f6nnen. Angebote bestehen bereits f\u00fcr die L\u00e4nder Baden-W\u00fcrttemberg, Th\u00fcringen, Sachsen, Bayern, Hessen und Rheinland-Pfalz. Regionaler Schwerpunkt ist der \u201eOrientierungsplan f\u00fcr Bildung und [&hellip;]<\/p>\n","protected":false},"author":1,"featured_media":0,"parent":70,"menu_order":0,"comment_status":"closed","ping_status":"closed","template":"","meta":{"footnotes":""},"class_list":["post-154","page","type-page","status-publish","hentry"],"jetpack_sharing_enabled":true,"_links":{"self":[{"href":"https:\/\/bio-scouting.de\/index.php\/wp-json\/wp\/v2\/pages\/154","targetHints":{"allow":["GET"]}}],"collection":[{"href":"https:\/\/bio-scouting.de\/index.php\/wp-json\/wp\/v2\/pages"}],"about":[{"href":"https:\/\/bio-scouting.de\/index.php\/wp-json\/wp\/v2\/types\/page"}],"author":[{"embeddable":true,"href":"https:\/\/bio-scouting.de\/index.php\/wp-json\/wp\/v2\/users\/1"}],"replies":[{"embeddable":true,"href":"https:\/\/bio-scouting.de\/index.php\/wp-json\/wp\/v2\/comments?post=154"}],"version-history":[{"count":1,"href":"https:\/\/bio-scouting.de\/index.php\/wp-json\/wp\/v2\/pages\/154\/revisions"}],"predecessor-version":[{"id":155,"href":"https:\/\/bio-scouting.de\/index.php\/wp-json\/wp\/v2\/pages\/154\/revisions\/155"}],"up":[{"embeddable":true,"href":"https:\/\/bio-scouting.de\/index.php\/wp-json\/wp\/v2\/pages\/70"}],"wp:attachment":[{"href":"https:\/\/bio-scouting.de\/index.php\/wp-json\/wp\/v2\/media?parent=154"}],"curies":[{"name":"wp","href":"https:\/\/api.w.org\/{rel}","templated":true}]}}