{"id":166,"date":"2026-03-25T13:00:47","date_gmt":"2026-03-25T13:00:47","guid":{"rendered":"https:\/\/bio-scouting.de\/?page_id=166"},"modified":"2026-03-25T13:00:47","modified_gmt":"2026-03-25T13:00:47","slug":"impressum","status":"publish","type":"page","link":"https:\/\/bio-scouting.de\/index.php\/impressum\/","title":{"rendered":"Impressum"},"content":{"rendered":"\n<div class=\"wp-block-columns is-layout-flex wp-container-core-columns-is-layout-28f84493 wp-block-columns-is-layout-flex\">\n<div class=\"wp-block-column is-layout-flow wp-block-column-is-layout-flow\">\n<p style=\"margin-bottom:-20px\"><strong>Firmenname:<\/strong><\/p>\n\n\n\n<p>bio-scouting<\/p>\n\n\n\n<p style=\"margin-bottom:-20px\"><strong>Anschrift:<\/strong><\/p>\n\n\n\n<p>Riedstra\u00dfe 46, 72070 T\u00fcbingen<\/p>\n\n\n\n<p style=\"margin-bottom:-20px\"><strong>Telefon:<\/strong><\/p>\n\n\n\n<p><a href=\"tel:+49707141256\" target=\"_blank\" rel=\"noreferrer noopener\">07071 \/ 412 56<\/a>\u00a0<\/p>\n\n\n\n<p style=\"margin-bottom:-20px\"><strong>E-Mail:<\/strong><\/p>\n\n\n\n<p><a href=\"mailto:info@bio-scouting.de\">info@bio-scouting.de<\/a><\/p>\n<\/div>\n\n\n\n<div class=\"wp-block-column is-layout-flow wp-block-column-is-layout-flow\">\n<p style=\"margin-bottom:-20px\"><strong>Internet:<\/strong><\/p>\n\n\n\n<p><a href=\"http:\/\/www.bio-scouting.de\">https:\/\/www.bio-scouting.de<\/a><\/p>\n\n\n\n<p style=\"margin-bottom:-20px\"><strong>Inhaber:<\/strong><\/p>\n\n\n\n<p>Herr Thomas Klingseis \/ Diplom-Biologe<\/p>\n\n\n\n<p style=\"margin-bottom:-20px\"><strong>Rechtsform:<\/strong><\/p>\n\n\n\n<p>Freiberufler<\/p>\n<\/div>\n<\/div>\n\n\n\n<p>Online-Streitbeilegung gem\u00e4\u00df Art. 14 Abs. 1 ODR-VO: Die Europ\u00e4ische Kommission stellt eine Plattform zur Online-Streitbeilegung (OS) bereit, die Sie unter&nbsp;<a href=\"https:\/\/web.archive.org\/web\/20250513092047\/https:\/\/ec.europa.eu\/consumers\/odr\/\" target=\"_blank\" rel=\"noreferrer noopener\">https:\/\/ec.europa.eu\/consumers\/odr\/<\/a>&nbsp;finden. Dar\u00fcber hinaus nimmt unser Betrieb an einem Verbraucherstreitigkeitsverfahren nicht teil.<\/p>\n\n\n\n<p>Bitte beachten Sie auch unsere\u00a0<a href=\"https:\/\/bio-scouting.de\/index.php\/datenschutzerklarung\/\" data-type=\"page\" data-id=\"3\">Datenschutzerkl\u00e4rung<\/a>.<\/p>\n","protected":false},"excerpt":{"rendered":"<p>Firmenname: bio-scouting Anschrift: Riedstra\u00dfe 46, 72070 T\u00fcbingen Telefon: 07071 \/ 412 56\u00a0 E-Mail: info@bio-scouting.de Internet: https:\/\/www.bio-scouting.de Inhaber: Herr Thomas Klingseis \/ Diplom-Biologe Rechtsform: Freiberufler Online-Streitbeilegung gem\u00e4\u00df Art. 14 Abs. 1 ODR-VO: Die Europ\u00e4ische Kommission stellt eine Plattform zur Online-Streitbeilegung (OS) bereit, die Sie unter&nbsp;https:\/\/ec.europa.eu\/consumers\/odr\/&nbsp;finden. Dar\u00fcber hinaus nimmt unser Betrieb an einem Verbraucherstreitigkeitsverfahren nicht teil. Bitte [&hellip;]<\/p>\n","protected":false},"author":1,"featured_media":0,"parent":0,"menu_order":0,"comment_status":"closed","ping_status":"closed","template":"","meta":{"footnotes":""},"class_list":["post-166","page","type-page","status-publish","hentry"],"jetpack_sharing_enabled":true,"_links":{"self":[{"href":"https:\/\/bio-scouting.de\/index.php\/wp-json\/wp\/v2\/pages\/166","targetHints":{"allow":["GET"]}}],"collection":[{"href":"https:\/\/bio-scouting.de\/index.php\/wp-json\/wp\/v2\/pages"}],"about":[{"href":"https:\/\/bio-scouting.de\/index.php\/wp-json\/wp\/v2\/types\/page"}],"author":[{"embeddable":true,"href":"https:\/\/bio-scouting.de\/index.php\/wp-json\/wp\/v2\/users\/1"}],"replies":[{"embeddable":true,"href":"https:\/\/bio-scouting.de\/index.php\/wp-json\/wp\/v2\/comments?post=166"}],"version-history":[{"count":1,"href":"https:\/\/bio-scouting.de\/index.php\/wp-json\/wp\/v2\/pages\/166\/revisions"}],"predecessor-version":[{"id":167,"href":"https:\/\/bio-scouting.de\/index.php\/wp-json\/wp\/v2\/pages\/166\/revisions\/167"}],"wp:attachment":[{"href":"https:\/\/bio-scouting.de\/index.php\/wp-json\/wp\/v2\/media?parent=166"}],"curies":[{"name":"wp","href":"https:\/\/api.w.org\/{rel}","templated":true}]}}