{"id":50,"date":"2026-03-18T13:16:34","date_gmt":"2026-03-18T13:16:34","guid":{"rendered":"https:\/\/bio-scouting.de\/?page_id=50"},"modified":"2026-03-18T13:18:09","modified_gmt":"2026-03-18T13:18:09","slug":"naturkunde-vermitteln","status":"publish","type":"page","link":"https:\/\/bio-scouting.de\/index.php\/naturkunde-vermitteln\/","title":{"rendered":"Naturkunde vermitteln"},"content":{"rendered":"\n<h2 class=\"wp-block-heading\">Bio-scouting bietet naturkunde<\/h2>\n\n\n\n<div class=\"wp-block-columns is-layout-flex wp-container-core-columns-is-layout-28f84493 wp-block-columns-is-layout-flex\">\n<div class=\"wp-block-column is-layout-flow wp-block-column-is-layout-flow\">\n<p>Das Basiskonzept von bio-scouting ist es, naturkundliche Themen anschaulich, spannend, spielerisch und lebensnah zu vermitteln.<\/p>\n\n\n\n<p>Es geht vorrangig nicht um gezielte Vermittlung von Wissen, sondern vielmehr darum, Spa\u00df an der Sache, Neugier, Wahrnehmung, Lust zu eigenem Tun zu wecken und wach zu halten.<\/p>\n\n\n\n<p>Hinter bio-scouting steht der Einzelunternehmer Diplom-Biologe Thomas Klingseis. In seinen frei f\u00fcr alle zug\u00e4nglichen Programmen erhalten Sie eine breite und solide Basis \u00fcber die Vielfalt der Natur vor der Haust\u00fcr.<\/p>\n\n\n\n<p>bio-scouting ist f\u00fcr alle und jeden geeignet \u2013 vom Kindergarten zum Senioren, f\u00fcr Familien, Einzelpersonen, beruflich oder privat Interessierte.<\/p>\n<\/div>\n\n\n\n<div class=\"wp-block-column is-layout-flow wp-block-column-is-layout-flow\">\n<p>Das Programm gliedert sich in<\/p>\n\n\n\n<ul class=\"wp-block-list\">\n<li><a href=\"https:\/\/web.archive.org\/web\/20251017040311\/https:\/\/www.bio-scouting-tuebingen.de\/naturkunde-vermitteln\/grundkurse\">umfassende Grundkurse<\/a><\/li>\n\n\n\n<li><a href=\"https:\/\/web.archive.org\/web\/20251017040311\/https:\/\/www.bio-scouting-tuebingen.de\/naturkunde-vermitteln\/kompakt\">einf\u00fchrende Kompaktkurse<\/a><\/li>\n\n\n\n<li><a href=\"https:\/\/web.archive.org\/web\/20251017040311\/https:\/\/www.bio-scouting-tuebingen.de\/naturkunde-vermitteln\/spezialkurse\">intensive Spezialkurse<\/a><\/li>\n<\/ul>\n\n\n\n<p>Es ist f\u00fcr jeden jederzeit zug\u00e4nglich.<br>Schauen Sie doch gleich mal, welcher Termin f\u00fcr Sie in Frage kommt!<\/p>\n<\/div>\n<\/div>\n","protected":false},"excerpt":{"rendered":"<p>Bio-scouting bietet naturkunde Das Basiskonzept von bio-scouting ist es, naturkundliche Themen anschaulich, spannend, spielerisch und lebensnah zu vermitteln. Es geht vorrangig nicht um gezielte Vermittlung von Wissen, sondern vielmehr darum, Spa\u00df an der Sache, Neugier, Wahrnehmung, Lust zu eigenem Tun zu wecken und wach zu halten. Hinter bio-scouting steht der Einzelunternehmer Diplom-Biologe Thomas Klingseis. In [&hellip;]<\/p>\n","protected":false},"author":1,"featured_media":0,"parent":0,"menu_order":0,"comment_status":"closed","ping_status":"closed","template":"","meta":{"footnotes":""},"class_list":["post-50","page","type-page","status-publish","hentry"],"jetpack_sharing_enabled":true,"_links":{"self":[{"href":"https:\/\/bio-scouting.de\/index.php\/wp-json\/wp\/v2\/pages\/50","targetHints":{"allow":["GET"]}}],"collection":[{"href":"https:\/\/bio-scouting.de\/index.php\/wp-json\/wp\/v2\/pages"}],"about":[{"href":"https:\/\/bio-scouting.de\/index.php\/wp-json\/wp\/v2\/types\/page"}],"author":[{"embeddable":true,"href":"https:\/\/bio-scouting.de\/index.php\/wp-json\/wp\/v2\/users\/1"}],"replies":[{"embeddable":true,"href":"https:\/\/bio-scouting.de\/index.php\/wp-json\/wp\/v2\/comments?post=50"}],"version-history":[{"count":6,"href":"https:\/\/bio-scouting.de\/index.php\/wp-json\/wp\/v2\/pages\/50\/revisions"}],"predecessor-version":[{"id":80,"href":"https:\/\/bio-scouting.de\/index.php\/wp-json\/wp\/v2\/pages\/50\/revisions\/80"}],"wp:attachment":[{"href":"https:\/\/bio-scouting.de\/index.php\/wp-json\/wp\/v2\/media?parent=50"}],"curies":[{"name":"wp","href":"https:\/\/api.w.org\/{rel}","templated":true}]}}