{"id":66,"date":"2026-03-18T13:33:12","date_gmt":"2026-03-18T13:33:12","guid":{"rendered":"https:\/\/bio-scouting.de\/?page_id=66"},"modified":"2026-03-18T13:33:12","modified_gmt":"2026-03-18T13:33:12","slug":"kinder-in-die-natur","status":"publish","type":"page","link":"https:\/\/bio-scouting.de\/index.php\/kinder-in-die-natur\/","title":{"rendered":"Kinder in die Natur"},"content":{"rendered":"\n<h2 class=\"wp-block-heading\">naturbegegnungen f\u00fcr kinder in T\u00fcbingen<\/h2>\n\n\n\n<div class=\"wp-block-columns is-layout-flex wp-container-core-columns-is-layout-28f84493 wp-block-columns-is-layout-flex\">\n<div class=\"wp-block-column is-layout-flow wp-block-column-is-layout-flow\">\n<p>Kinder brauchen Natur \u2013 und zwar so viel wie m\u00f6glich. \u201eWer nicht matscht, bleibt dumm\u201c, fassen Neurophysiologen ihre Forschungsergebnisse zusammen, die belegen, wie elementar wichtig Naturbegegnungen schon von Kindheit an sind.<\/p>\n\n\n\n<p>bio-scouting ist sehr besorgt dar\u00fcber, dass Kindern diese Erfahrungen zusehends vorenthalten oder durch allzu didaktische Ambitionen verleidet werden.<\/p>\n\n\n\n<p>Deswegen setzt sich bio-scouting mit dem Motto \u201eJe mehr Natur, desto besser\u201c auf vielen Ebenen daf\u00fcr ein, Kindern diesen Zugang wieder zu erm\u00f6glichen.<\/p>\n<\/div>\n\n\n\n<div class=\"wp-block-column is-layout-flow wp-block-column-is-layout-flow\">\n<p>Ein Schwerpunkt f\u00fcr bio-scouting sind schon von Anfang an die Waldkinderg\u00e4rten und Waldprojekte in Kindertagesst\u00e4tten \u2013 auf diesen vier Ebenen:<\/p>\n\n\n\n<ul class=\"wp-block-list\">\n<li class=\"has-custom-color-1-color has-text-color has-link-color wp-elements-8047a9e8f09f05af4cd81c5f4b81c4a1\" style=\"padding-top:var(--wp--preset--spacing--xx-small);padding-bottom:var(--wp--preset--spacing--xx-small)\">Projekte f\u00fcr Kinder in Kindergarten und Grundschule \u2013 Waldtage, Waldwochen, abenteuerliche Forschungsexpeditionen<\/li>\n\n\n\n<li class=\"has-custom-color-1-color has-text-color has-link-color wp-elements-207015a7db0b36e8dff41ee3090ddeb0\" style=\"padding-top:var(--wp--preset--spacing--xx-small);padding-bottom:var(--wp--preset--spacing--xx-small)\">Fortbildungen f\u00fcr Erzieher\/innen und Grundschullehrer\/innen<\/li>\n\n\n\n<li class=\"has-custom-color-1-color has-text-color has-link-color wp-elements-ed77c02ebe4e7903ed3593db02a05302\" style=\"padding-top:var(--wp--preset--spacing--xx-small);padding-bottom:var(--wp--preset--spacing--xx-small)\">Beratung und Vernetzung von Waldkinderg\u00e4rten und Initiativen in der Region um T\u00fcbingen, in Baden-W\u00fcrttemberg, Deutschland, Europa, weltweit<\/li>\n\n\n\n<li class=\"has-custom-color-1-color has-text-color has-link-color wp-elements-caf2e13f2d6bf7ed415c02d0591aa39f\" style=\"padding-top:var(--wp--preset--spacing--xx-small);padding-bottom:var(--wp--preset--spacing--xx-small)\">F\u00fchrung und Betreuung des Waldkindergarten Eichh\u00f6rnchen e.V. in T\u00fcbingen<\/li>\n<\/ul>\n<\/div>\n<\/div>\n","protected":false},"excerpt":{"rendered":"<p>naturbegegnungen f\u00fcr kinder in T\u00fcbingen Kinder brauchen Natur \u2013 und zwar so viel wie m\u00f6glich. \u201eWer nicht matscht, bleibt dumm\u201c, fassen Neurophysiologen ihre Forschungsergebnisse zusammen, die belegen, wie elementar wichtig Naturbegegnungen schon von Kindheit an sind. bio-scouting ist sehr besorgt dar\u00fcber, dass Kindern diese Erfahrungen zusehends vorenthalten oder durch allzu didaktische Ambitionen verleidet werden. Deswegen [&hellip;]<\/p>\n","protected":false},"author":1,"featured_media":0,"parent":0,"menu_order":0,"comment_status":"closed","ping_status":"closed","template":"","meta":{"footnotes":""},"class_list":["post-66","page","type-page","status-publish","hentry"],"jetpack_sharing_enabled":true,"_links":{"self":[{"href":"https:\/\/bio-scouting.de\/index.php\/wp-json\/wp\/v2\/pages\/66","targetHints":{"allow":["GET"]}}],"collection":[{"href":"https:\/\/bio-scouting.de\/index.php\/wp-json\/wp\/v2\/pages"}],"about":[{"href":"https:\/\/bio-scouting.de\/index.php\/wp-json\/wp\/v2\/types\/page"}],"author":[{"embeddable":true,"href":"https:\/\/bio-scouting.de\/index.php\/wp-json\/wp\/v2\/users\/1"}],"replies":[{"embeddable":true,"href":"https:\/\/bio-scouting.de\/index.php\/wp-json\/wp\/v2\/comments?post=66"}],"version-history":[{"count":4,"href":"https:\/\/bio-scouting.de\/index.php\/wp-json\/wp\/v2\/pages\/66\/revisions"}],"predecessor-version":[{"id":89,"href":"https:\/\/bio-scouting.de\/index.php\/wp-json\/wp\/v2\/pages\/66\/revisions\/89"}],"wp:attachment":[{"href":"https:\/\/bio-scouting.de\/index.php\/wp-json\/wp\/v2\/media?parent=66"}],"curies":[{"name":"wp","href":"https:\/\/api.w.org\/{rel}","templated":true}]}}