{"id":72,"date":"2026-03-18T13:43:24","date_gmt":"2026-03-18T13:43:24","guid":{"rendered":"https:\/\/bio-scouting.de\/?page_id=72"},"modified":"2026-03-18T13:43:24","modified_gmt":"2026-03-18T13:43:24","slug":"nachhaltige-entwicklung","status":"publish","type":"page","link":"https:\/\/bio-scouting.de\/index.php\/nachhaltige-entwicklung\/","title":{"rendered":"nachhaltige Entwicklung"},"content":{"rendered":"\n<h2 class=\"wp-block-heading\">Bio-Scouting T\u00fcbingen<\/h2>\n\n\n\n<div class=\"wp-block-columns is-layout-flex wp-container-core-columns-is-layout-28f84493 wp-block-columns-is-layout-flex\">\n<div class=\"wp-block-column is-layout-flow wp-block-column-is-layout-flow\">\n<p>Das Ziel von \u201e<a href=\"https:\/\/www.bne-portal.de\/\" target=\"_blank\" rel=\"noreferrer noopener\">Bildung f<\/a><a href=\"https:\/\/web.archive.org\/web\/20250211130527\/https:\/\/www.bne-portal.de\/bne\/de\/home\/home_node.html\" target=\"_blank\" rel=\"noreferrer noopener\">\u00fcr Nachhaltige Entwicklung<\/a>&#8220; (BNE) ist es, die Menschen zur aktiven Gestaltung einer \u00f6kologisch vertr\u00e4glichen, wirtschaftlich leistungsf\u00e4higen und sozial gerechten Welt unter Ber\u00fccksichtigung globaler, das hei\u00dft die Zukunftsf\u00e4higkeit des ganzen Planeten Erde, betreffende Aspekte zu bef\u00e4higen.<\/p>\n\n\n\n<p>Eine enge Zusammenarbeit besteht mit dem\u00a0<a href=\"https:\/\/www.biosphaerengebiet-alb.de\/\" target=\"_blank\" rel=\"noreferrer noopener\">Biosph\u00e4rengebiet Schw\u00e4bische Alb<\/a>. Bio-scouting ist dort aktiv im Arbeitskreis Bildung f\u00fcr Nachhaltige Entwicklung (AK-BNE).<\/p>\n\n\n\n<p>Ein besonderes Ziel ist es, am Beispiel der Waldkinderg\u00e4rten und Kinderg\u00e4rten mit ausgepr\u00e4gtem Natur- oder Waldprofil zu zeigen, wie mit viel Spa\u00df und wenig Aufwand an den Zielen einer zukunftsf\u00e4higen Entwicklung gearbeitet werden kann.<\/p>\n<\/div>\n\n\n\n<div class=\"wp-block-column is-layout-flow wp-block-column-is-layout-flow\">\n<h3 class=\"wp-block-heading has-custom-color-2-color has-text-color has-link-color has-large-font-size wp-elements-2ba4dd13224589a95940e798e5e69daa\">F\u00dcNF ASPEKTE SIND ES, DIE ICH MIT MEINEM UNTERNEHMEN BIO-SCOUTING IN DIESEM SINNE BER\u00dcCKSICHTIGE\u00a0<\/h3>\n\n\n\n<ul class=\"wp-block-list\">\n<li class=\"has-custom-color-1-color has-text-color has-link-color wp-elements-5275623c871e4d3a42743c94c717fd64\">Die Teilnehmer\/innen an Veranstaltungen werden gezielt angeregt, sich mit den Themen von BNE auseinanderzusetzen.<\/li>\n\n\n\n<li class=\"has-custom-color-1-color has-text-color has-link-color wp-elements-a424690707d8b5ef8f63634392fea952\">Die F\u00fchrung der Gesch\u00e4fte orientiert sich an Nachhaltigkeit.<\/li>\n\n\n\n<li class=\"has-custom-color-1-color has-text-color has-link-color wp-elements-4d5d348d3b053f270c842d1c6ea7dd4e\">\u201eArtenvielfalt erleben\u201c, \u201eGestaltungskompetenz erwerben\u201c, \u201eselbst bestimmtes Lernen\u201c, \u201eRegionalit\u00e4t\u201c sind wichtige Stichworte in allen meinen Konzepten.<\/li>\n\n\n\n<li class=\"has-custom-color-1-color has-text-color has-link-color wp-elements-d28c3c88b557ae17b22e1f18c862658d\">Es werden Fortbildungen entwickelt, die BNE zum Inhalt haben.<\/li>\n\n\n\n<li class=\"has-custom-color-1-color has-text-color has-link-color wp-elements-05c83656a57ea7c48ecc98160159164c\">Es findet eine intensive Mitarbeit auf verschiedenen Vernetzungsebenen statt.<\/li>\n<\/ul>\n<\/div>\n<\/div>\n","protected":false},"excerpt":{"rendered":"<p>Bio-Scouting T\u00fcbingen Das Ziel von \u201eBildung f\u00fcr Nachhaltige Entwicklung&#8220; (BNE) ist es, die Menschen zur aktiven Gestaltung einer \u00f6kologisch vertr\u00e4glichen, wirtschaftlich leistungsf\u00e4higen und sozial gerechten Welt unter Ber\u00fccksichtigung globaler, das hei\u00dft die Zukunftsf\u00e4higkeit des ganzen Planeten Erde, betreffende Aspekte zu bef\u00e4higen. Eine enge Zusammenarbeit besteht mit dem\u00a0Biosph\u00e4rengebiet Schw\u00e4bische Alb. Bio-scouting ist dort aktiv im Arbeitskreis [&hellip;]<\/p>\n","protected":false},"author":1,"featured_media":0,"parent":0,"menu_order":0,"comment_status":"closed","ping_status":"closed","template":"","meta":{"footnotes":""},"class_list":["post-72","page","type-page","status-publish","hentry"],"jetpack_sharing_enabled":true,"_links":{"self":[{"href":"https:\/\/bio-scouting.de\/index.php\/wp-json\/wp\/v2\/pages\/72","targetHints":{"allow":["GET"]}}],"collection":[{"href":"https:\/\/bio-scouting.de\/index.php\/wp-json\/wp\/v2\/pages"}],"about":[{"href":"https:\/\/bio-scouting.de\/index.php\/wp-json\/wp\/v2\/types\/page"}],"author":[{"embeddable":true,"href":"https:\/\/bio-scouting.de\/index.php\/wp-json\/wp\/v2\/users\/1"}],"replies":[{"embeddable":true,"href":"https:\/\/bio-scouting.de\/index.php\/wp-json\/wp\/v2\/comments?post=72"}],"version-history":[{"count":3,"href":"https:\/\/bio-scouting.de\/index.php\/wp-json\/wp\/v2\/pages\/72\/revisions"}],"predecessor-version":[{"id":92,"href":"https:\/\/bio-scouting.de\/index.php\/wp-json\/wp\/v2\/pages\/72\/revisions\/92"}],"wp:attachment":[{"href":"https:\/\/bio-scouting.de\/index.php\/wp-json\/wp\/v2\/media?parent=72"}],"curies":[{"name":"wp","href":"https:\/\/api.w.org\/{rel}","templated":true}]}}