{"id":74,"date":"2026-03-23T13:19:33","date_gmt":"2026-03-23T13:19:33","guid":{"rendered":"https:\/\/bio-scouting.de\/?page_id=74"},"modified":"2026-03-25T13:20:08","modified_gmt":"2026-03-25T13:20:08","slug":"faunistische-untersuchungen","status":"publish","type":"page","link":"https:\/\/bio-scouting.de\/index.php\/faunistische-untersuchungen\/","title":{"rendered":"Faunistische Untersuchungen"},"content":{"rendered":"\n<h2 class=\"wp-block-heading\">Bio-Scouting T\u00fcbingen<\/h2>\n\n\n\n<div class=\"wp-block-columns is-layout-flex wp-container-core-columns-is-layout-28f84493 wp-block-columns-is-layout-flex\">\n<div class=\"wp-block-column is-layout-flow wp-block-column-is-layout-flow\">\n<p>Lieber Kunde, leider befindet sich unsere neue Webseite noch im Aufbau.<br>Deswegen bieten manche Unterseiten wie diese hier Ihnen noch keine weiteren Informationen. Wir entschuldigen uns daf\u00fcr und danken Ihnen f\u00fcr Ihr Verst\u00e4ndnis. Wir werden ganz bald alle Informationen nachreichen. Lassen Sie sich \u00fcberraschen.<\/p>\n<\/div>\n\n\n\n<div class=\"wp-block-column is-layout-flow wp-block-column-is-layout-flow\">\n<p>Wenn Sie Fragen zu unseren Angeboten oder sonstige W\u00fcnsche haben, k\u00f6nnen Sie gerne unser\u00a0<a href=\"https:\/\/bio-scouting.de\/index.php\/kontakt\/\" data-type=\"page\" data-id=\"77\">Kontaktformular\u00a0<\/a>nutzen. Wir werden uns umgehend mit Ihnen in Verbindung setzen. Oder Sie rufen uns einfach an!<\/p>\n<\/div>\n<\/div>\n","protected":false},"excerpt":{"rendered":"<p>Bio-Scouting T\u00fcbingen Lieber Kunde, leider befindet sich unsere neue Webseite noch im Aufbau.Deswegen bieten manche Unterseiten wie diese hier Ihnen noch keine weiteren Informationen. Wir entschuldigen uns daf\u00fcr und danken Ihnen f\u00fcr Ihr Verst\u00e4ndnis. Wir werden ganz bald alle Informationen nachreichen. Lassen Sie sich \u00fcberraschen. Wenn Sie Fragen zu unseren Angeboten oder sonstige W\u00fcnsche haben, [&hellip;]<\/p>\n","protected":false},"author":1,"featured_media":0,"parent":0,"menu_order":0,"comment_status":"closed","ping_status":"closed","template":"","meta":{"footnotes":""},"class_list":["post-74","page","type-page","status-publish","hentry"],"jetpack_sharing_enabled":true,"_links":{"self":[{"href":"https:\/\/bio-scouting.de\/index.php\/wp-json\/wp\/v2\/pages\/74","targetHints":{"allow":["GET"]}}],"collection":[{"href":"https:\/\/bio-scouting.de\/index.php\/wp-json\/wp\/v2\/pages"}],"about":[{"href":"https:\/\/bio-scouting.de\/index.php\/wp-json\/wp\/v2\/types\/page"}],"author":[{"embeddable":true,"href":"https:\/\/bio-scouting.de\/index.php\/wp-json\/wp\/v2\/users\/1"}],"replies":[{"embeddable":true,"href":"https:\/\/bio-scouting.de\/index.php\/wp-json\/wp\/v2\/comments?post=74"}],"version-history":[{"count":5,"href":"https:\/\/bio-scouting.de\/index.php\/wp-json\/wp\/v2\/pages\/74\/revisions"}],"predecessor-version":[{"id":172,"href":"https:\/\/bio-scouting.de\/index.php\/wp-json\/wp\/v2\/pages\/74\/revisions\/172"}],"wp:attachment":[{"href":"https:\/\/bio-scouting.de\/index.php\/wp-json\/wp\/v2\/media?parent=74"}],"curies":[{"name":"wp","href":"https:\/\/api.w.org\/{rel}","templated":true}]}}